{"id":4444,"date":"2024-06-19T09:55:15","date_gmt":"2024-06-19T08:55:15","guid":{"rendered":"https:\/\/www.milahomes.es\/?page_id=4444"},"modified":"2024-06-19T09:55:16","modified_gmt":"2024-06-19T08:55:16","slug":"alquile-su-propiedad","status":"publish","type":"page","link":"https:\/\/www.milahomes.es\/es\/alquile-su-propiedad","title":{"rendered":"Alquile su propiedad"},"content":{"rendered":"\n<div class=\"wp-block-cover\" style=\"margin-bottom:var(--wp--preset--spacing--50)\"><span aria-hidden=\"true\" class=\"wp-block-cover__background has-background-dim-40 has-background-dim\" style=\"background-color:#6c6c6c\"><\/span><img loading=\"lazy\" decoding=\"async\" width=\"2048\" height=\"1368\" class=\"wp-block-cover__image-background wp-image-3772\" alt=\"\" src=\"https:\/\/www.milahomes.es\/wp-content\/uploads\/2024\/04\/Mila-Office-13.jpg\" style=\"object-position:53% 41%\" data-object-fit=\"cover\" data-object-position=\"53% 41%\" srcset=\"https:\/\/www.milahomes.es\/wp-content\/uploads\/2024\/04\/Mila-Office-13.jpg 2048w, https:\/\/www.milahomes.es\/wp-content\/uploads\/2024\/04\/Mila-Office-13-1024x684.jpg 1024w, https:\/\/www.milahomes.es\/wp-content\/uploads\/2024\/04\/Mila-Office-13-1920x1283.jpg 1920w, https:\/\/www.milahomes.es\/wp-content\/uploads\/2024\/04\/Mila-Office-13-768x513.jpg 768w, https:\/\/www.milahomes.es\/wp-content\/uploads\/2024\/04\/Mila-Office-13-50x33.jpg 50w, https:\/\/www.milahomes.es\/wp-content\/uploads\/2024\/04\/Mila-Office-13-1600x1069.jpg 1600w, https:\/\/www.milahomes.es\/wp-content\/uploads\/2024\/04\/Mila-Office-13-1536x1026.jpg 1536w\" sizes=\"auto, (max-width: 2048px) 100vw, 2048px\" \/><div class=\"wp-block-cover__inner-container has-global-padding is-layout-constrained wp-block-cover-is-layout-constrained\">\n<p class=\"has-text-align-center has-heading-font-family has-xx-large-font-size\" style=\"text-transform:uppercase\">Alquile su propiedad<\/p>\n<\/div><\/div>\n\n\n\n<div class=\"wp-block-group jaleo--container-75-center has-global-padding is-layout-constrained wp-block-group-is-layout-constrained\">\n<h1 class=\"wp-block-heading has-text-align-center\" style=\"text-transform:uppercase\">contacta a mila homes<\/h1>\n\n\n\n<p class=\"has-text-align-center\" style=\"padding-top:var(--wp--preset--spacing--20);padding-bottom:var(--wp--preset--spacing--20)\">Con el mayor equipo de alquiler de la Costa del Sol, garantizamos alquilar su propiedad a <strong>inquilinos de calidad<\/strong> con una r\u00e1pida respuesta para <strong>maximizar su inversi\u00f3n.<\/strong> No dude en ponerse en contacto con nosotros a trav\u00e9s de <strong>tel\u00e9fono a <a href=\"tel:0034951781352\">+34<strong> 951 781 352<\/strong> <\/a><\/strong> o <a href=\"https:\/\/wa.me\/34674969332\" target=\"_blank\" rel=\"noopener\"><strong>WhatsApp<\/strong><\/a> para hablar de sus necesidades y explorar las posibilidades.<\/p>\n<\/div>\n\n\n\n<div class=\"wp-block-group jaleo--container-75-center has-shell-background-color has-background has-global-padding is-layout-constrained wp-container-core-group-is-layout-26a777f8 wp-block-group-is-layout-constrained\" style=\"margin-top:var(--wp--preset--spacing--50);padding-top:var(--wp--preset--spacing--40);padding-right:var(--wp--preset--spacing--40);padding-bottom:0;padding-left:var(--wp--preset--spacing--40)\"><div id=\"wpb__style_container\" class=\"wpb__style_container wpb--container\"><form id=\"property_form\" class=\"wpb--property-form\" action=\"localhost\" method=\"POST\" data-contact=\"property_form\" data-lead-sent-ok=\"Su mensaje ha sido enviado.\" data-sitekey=\"6Lcu70ApAAAAALSclGERBvdFXlfg15po4zMqthx0\">\n\t<input type=\"hidden\" name=\"subject\" value=\"Contacto desde Propiedad \/es\/wp-json\/wp\/v2\/pages\/4444\" \/>\n\t<input type=\"hidden\" name=\"g-recaptcha-response\" value=\"\" \/>\n\t<input name=\"source\" type=\"hidden\" value=\"www.milahomes.es\/es\/wp-json\/wp\/v2\/pages\/4444\"\/>\n\t\t\n\t<input name=\"name\" type=\"text\" autocomplete=\"off\" placeholder=\"Nombre completo\" required data-error=\"Nombre obligatorio\" \/>\n\t<input name=\"email\" type=\"email\" autocomplete=\"off\" placeholder=\"Email\" required data-error=\"Email obligatorio\" \/>\n\t<input name=\"intphone\" type=\"tel\" autocomplete=\"off\" placeholder=\"Tel\u00e9fono\" data-error=\"Los n\u00fameros de tel\u00e9fono deben tener entre 8 y 20 d\u00edgitos\" \/>\n\t\n\t<textarea name=\"comment\" rows=\"6\">Cont\u00e1ctanos<\/textarea>\n\t\n\t<div class=\"wpb--custom-checkbox\">\n\t\t<input type=\"checkbox\" id=\"property_form-property_form-customCheck1\" name=\"privacy_policy\" required data-error=\"Campo Obligatorio\" \/>\n\t\t<label for=\"property_form-property_form-customCheck1\">Acepto la  <a href=\"https:\/\/www.milahomes.es\/privacy\" target=\"_blank\">Pol\u00edtica de privacidad<\/a><\/label>\n\t<\/div>\n\t<div class=\"wpb--custom-checkbox\">\n\t\t<input type=\"checkbox\" id=\"property_form-property_form-customCheck2\" name=\"commercial_information\" \/>\n\t\t<label for=\"property_form-property_form-customCheck2\">Acepto recibir informaci\u00f3n por email<\/label>\n\t<\/div>\n\t<button data-ids=\"property_form\" data-lang=\"\" class=\"btn wpb--formbutton g-recaptcha\" type=\"submit\"><span id=\"text-send\">Enviar<\/span> <span id=\"spinner-send\"><\/span><\/button>\n\t<p id=\"result\" class=\"wpb--form-msg\"><\/p>\n<\/form>\n\t<script src=\"https:\/\/www.google.com\/recaptcha\/api.js?render=6Lcu70ApAAAAALSclGERBvdFXlfg15po4zMqthx0&hl=\"><\/script>\n<\/div>\n<\/div>\n","protected":false},"excerpt":{"rendered":"<p>contacta a mila homes Con el mayor equipo de alquiler de la Costa del Sol, garantizamos alquilar su propiedad a inquilinos de calidad con una r\u00e1pida respuesta para maximizar su inversi\u00f3n. No dude en ponerse en contacto con nosotros a trav\u00e9s de tel\u00e9fono a +34 951 781 352 o WhatsApp para hablar de sus necesidades [&hellip;]<\/p>\n","protected":false},"author":2,"featured_media":0,"parent":0,"menu_order":0,"comment_status":"closed","ping_status":"closed","template":"solid-header","meta":{"_acf_changed":false,"footnotes":""},"class_list":["post-4444","page","type-page","status-publish","hentry"],"acf":[],"_links":{"self":[{"href":"https:\/\/www.milahomes.es\/es\/wp-json\/wp\/v2\/pages\/4444","targetHints":{"allow":["GET"]}}],"collection":[{"href":"https:\/\/www.milahomes.es\/es\/wp-json\/wp\/v2\/pages"}],"about":[{"href":"https:\/\/www.milahomes.es\/es\/wp-json\/wp\/v2\/types\/page"}],"author":[{"embeddable":true,"href":"https:\/\/www.milahomes.es\/es\/wp-json\/wp\/v2\/users\/2"}],"replies":[{"embeddable":true,"href":"https:\/\/www.milahomes.es\/es\/wp-json\/wp\/v2\/comments?post=4444"}],"version-history":[{"count":1,"href":"https:\/\/www.milahomes.es\/es\/wp-json\/wp\/v2\/pages\/4444\/revisions"}],"predecessor-version":[{"id":4445,"href":"https:\/\/www.milahomes.es\/es\/wp-json\/wp\/v2\/pages\/4444\/revisions\/4445"}],"wp:attachment":[{"href":"https:\/\/www.milahomes.es\/es\/wp-json\/wp\/v2\/media?parent=4444"}],"curies":[{"name":"wp","href":"https:\/\/api.w.org\/{rel}","templated":true}]}}