{"id":4442,"date":"2024-06-19T09:51:13","date_gmt":"2024-06-19T08:51:13","guid":{"rendered":"https:\/\/www.milahomes.es\/?page_id=4442"},"modified":"2024-06-19T09:51:14","modified_gmt":"2024-06-19T08:51:14","slug":"nueva-construccion","status":"publish","type":"page","link":"https:\/\/www.milahomes.es\/es\/nueva-construccion","title":{"rendered":"Casas nuevas en venta &#8211; Propiedades sobre plano"},"content":{"rendered":"\t<div id=\"wpb__style_container\" class=\"wpb--container\">\r\n\t\t<form action=\"\" id=\"searchform\" class=\"wpb--developments-form\" data-sptext=\"[]\" data-rptext=\"[]\" data-saleprices=\"[]\" data-rentprices=\"[]\" autocomplete=\"off\">\n\t<input type=\"hidden\" name=\"f\" value=\"developments\" \/>\n\t<input type=\"hidden\" name=\"l\" value=\"es\" \/>\n\t<input type=\"hidden\" name=\"o\" value=\"\" \/>\n\t<input type=\"hidden\" name=\"refinesearch-typeselector\" value=\"categories\">\t\n\t<div class=\"wpb--form-row\">\n\t\t<div class=\"wpb--form-group wpb--custom-select\">\n\t\t\t<select name=\"c\" id=\"searchform-cities\" placeholder=\"Todas las c\" class=\"wpb-multiple\" data-options-selected-text=\"opciones seleccionadas\" data-options-selected-text=\"opci\u00f3n seleccionada\" data-all-options-selected-text=\"Todas\">\n\t\t\t\t<option value=\"\">Todas las c<\/option>\n\t\t\t\t<option value=\"c4\">Benahavis<\/option><option value=\"c5\">Benalmadena<\/option><option value=\"c9\">Casares<\/option><option value=\"c11\">Estepona<\/option><option value=\"c12\">Fuengirola<\/option><option value=\"c16\">Istan<\/option><option value=\"c21\">Malaga<\/option><option value=\"c22\">Manilva<\/option><option value=\"c24\">Marbella<\/option><option value=\"c26\">Mijas Costa<\/option><option value=\"c35\">San Pedro de Alcantara<\/option><option value=\"a10\">Bahia de Casares<\/option><option value=\"a907\">Bahia de las Rocas<\/option><option value=\"a250\">Benahavis Centro<\/option><option value=\"a7\">Benalmadena Costa<\/option><option value=\"a115\">Cala de Mijas<\/option><option value=\"a1822\">Calanova Golf<\/option><option value=\"a86194\">Casares Pueblo<\/option><option value=\"a1589\">Casares del Sol - Casares Golf<\/option><option value=\"a107\">El Chaparral<\/option><option value=\"a938\">El Higueron<\/option><option value=\"a134922\">Estepona Ciudad<\/option><option value=\"a134924\">Estepona Este<\/option><option value=\"a134923\">Estepona Oeste<\/option><option value=\"a120\">Guadalmina Alta<\/option><option value=\"a251\">La Alqueria<\/option><option value=\"a1024\">La Cala Golf Resort<\/option><option value=\"a74330\">La Capellania<\/option><option value=\"a1086\">La Quinta Golf<\/option><option value=\"a274\">Las Lagunas<\/option><option value=\"a257\">Los Hidalgos<\/option><option value=\"a74151\">Malaga - Este<\/option><option value=\"a24\">Marbella<\/option><option value=\"a40\">Marbella Este<\/option><option value=\"a109\">Mijas Golf<\/option><option value=\"a51\">Nueva Andalucia<\/option><option value=\"a929\">Puerto Marina<\/option><option value=\"a38\">Seghers<\/option><option value=\"a145\">Torreblanca<\/option><option value=\"s14027\">Alcazaba Lagoon<\/option><option value=\"s13249\">Arroyo Vaquero<\/option><option value=\"s13103\">Atalaya<\/option><option value=\"s13110\">Bel Air<\/option><option value=\"s13256\">Buenas Noches<\/option><option value=\"s13120\">Cancelada<\/option><option value=\"s14033\">Casares Golf<\/option><option value=\"s14020\">Casares Playa<\/option><option value=\"s13134\">El Campanario<\/option><option value=\"s83\">Elviria<\/option><option value=\"s13260\">Estepona Golf<\/option><option value=\"s13237\">Estepona Puerto<\/option><option value=\"s13162\">La Resina Golf<\/option><option value=\"s71\">Las Chapas<\/option><option value=\"s13244\">Las Mesas<\/option><option value=\"s14024\">Las Terrazas de Cortes\u00edn<\/option><option value=\"s69\">Los Monteros<\/option><option value=\"s13212\">New Golden Mile<\/option><option value=\"s13087\">Playa del Cristo<\/option><option value=\"s72\">Rio Real Golf<\/option><option value=\"s13195\">Selwo<\/option><option value=\"s13272\">Valle Romano<\/option><option value=\"s14042\">Zenith Estepona<\/option>\t\t\t<\/select>\n\t\t<\/div>\n\t\t<div class=\"wpb--form-group wpb--type wpb--custom-select\">\n\t\t\t<select name=\"t\" id=\"searchform-types\" placeholder=\"Todos los tipos\">\n\t\t\t\t<option value=\"\">Todos los tipos<\/option>\n\t\t\t\t<option value=\"T1\" data-category>Apartamentos y Pisos<\/option><option value=\"T3\" data-category>Casas<\/option><option value=\"T2\" data-category>Villas y Chalets<\/option>\t\t\t<\/select>\n\t\t<\/div>\n\t\t<div class=\"wpb--form-group wpb--pricefrom wpb--custom-select\">\n\t\t\t\t\t\t<select name=\"pt\" id=\"searchform-pricefrom\" data-defaulttext=\"Hasta cualquier precio\">\n\t\t\t\t<option value=\"\">Hasta cualquier precio<\/option>\n\t\t\t\t<option value=\"400000\">400.000 &euro;<\/option><option value=\"500000\">500.000 &euro;<\/option><option value=\"800000\">800.000 &euro;<\/option><option value=\"1000000\">1.000.000 &euro;<\/option><option value=\"2000000\">2.000.000 &euro;<\/option><option value=\"4000000\">4.000.000 &euro;<\/option><option value=\"6000000\">6.000.000 &euro;<\/option><option value=\"8000000\">8.000.000 &euro;<\/option><option value=\"10000000\">10.000.000 &euro;<\/option><option value=\"-10000000\">+10.000.000 &euro;<\/option>\t\t\t<\/select>\n\t\t<\/div>\n\t\t<div class=\"wpb--form-group wpb--refsearch\">\n\t\t\t\t\t\t<input id=\"searchform-ref\" type=\"text\" name=\"r\" placeholder=\"Referencia\" minlength=\"3\" data-message=\"Por favor, introduzca al menos 3 caracteres para buscar por referencia\" value=\"\" \/>\n\t\t<\/div>\n\t\t<div class=\"wpb--form-group wpb--btnsearch\">\n\t\t\t<button id=\"refinebutton\" data-submit=\"submit\" class=\"wpb--btn-search\">Buscar<span id=\"icons-search\"><\/span><\/button>\n\t\t\t<span id=\"form-reset\">Reset<\/span>\n\t\t<\/div>\n\t<\/div>\n<\/form>\n<ul class=\"inm-breadcrumb\">\r\n\t<li><a href=\"\/es\/wp-json\/wp\/v2\/pages\/4442?l=es&f=developments\" title=\"Casas nuevas en venta &#8211; Propiedades sobre plano\">Promociones<\/a><\/li><\/ul>\r\n\r\n\t\t<div class=\"wpb--properties-list-info\" style=\"position:relative\">\r\n\t\t\t<h1>Casas nuevas en venta &#8211; Propiedades sobre plano<\/h1>\r\n\t\t\t<div class=\"wbp--results\">\r\n\t\t\t\t<p>Mostrando 90 promociones.<\/p>\r\n\t\t\t\t<form id=\"orderform\" action=\"#\" data-url=\"\/es\/wp-json\/wp\/v2\/pages\/4442\">\r\n\t\t\t\t\t<div class=\"wpb--custom-select\">\r\n\t\t\t\t\t\t<select name=\"o\">\r\n\t\t\t\t\t\t\t<option value=\"\" >\u00daltimas primero<\/option>\r\n\t\t\t\t\t\t\t<option value=\"priced\" >Precio descendente<\/option>\r\n\t\t\t\t\t\t\t<option value=\"pricea\" >Precio ascendente<\/option>\r\n\t\t\t\t\t\t<\/select>\r\n\t\t\t\t\t<\/div>\r\n\t\t\t\t<\/form>\r\n\t\t\t<\/div>\r\n\t\t<\/div>\r\n\t\t<div class=\"wpb--card-container\">\r\n\t\t\t<div class=\"wpb--card\">\n\t<div class=\"wpb--aspect-box wpb--panoramic\">\n\t\t<a class=\"wpb--stretched-link\" href=\"\/es\/propiedad\/promocion-mijas-golf-helvet-green-25058\">\n\t\t\t\t\t\t\t<img decoding=\"async\" class=\"wpb--image-fit\" loading=\"lazy\" src=\"https:\/\/www.milahomes.es\/wp-content\/uploads\/inmoba\/thumb-developments-0.5625-maxwidth-25058.webp\" alt=\"Helvet Green, exclusivas viviendas en Mijas Golf.\" \/>\n\t\t\t\t\t<\/a>\n\t<\/div>\n\t<div class=\"wpb--card-body\">\n\t\t<h4 class=\"wpb--card-title\">\n\t\t\t<a class=\"wpb--stretched-link\" href=\"\/es\/propiedad\/promocion-mijas-golf-helvet-green-25058\">\n\t\t\t\t<small>Mijas Golf - Mijas Costa<\/small>\n\t\t\t\tHelvet Green, exclusivas viviendas en Mijas Golf.<\/a>\n\t\t<\/h4>\n\t\t<div class=\"wpb--card-price-developments\">\n\t\t\t\tDesde 335.000 &euro; hasta 1.000.000 &euro;<span>350-00217G<\/span>\t\t<\/div>\n\t<\/div>\n<\/div>\n<div class=\"wpb--card\">\n\t<div class=\"wpb--aspect-box wpb--panoramic\">\n\t\t<a class=\"wpb--stretched-link\" href=\"\/es\/propiedad\/promocion-mijas-costa-valley-views-25036\">\n\t\t\t\t\t\t\t<img decoding=\"async\" class=\"wpb--image-fit\" loading=\"lazy\" src=\"https:\/\/www.milahomes.es\/wp-content\/uploads\/inmoba\/thumb-developments-0.5625-maxwidth-25036.webp\" alt=\"Valley Views, exclusivos apartamentos y \u00e1ticos con vistas al mar en Mijas.\" \/>\n\t\t\t\t\t<\/a>\n\t<\/div>\n\t<div class=\"wpb--card-body\">\n\t\t<h4 class=\"wpb--card-title\">\n\t\t\t<a class=\"wpb--stretched-link\" href=\"\/es\/propiedad\/promocion-mijas-costa-valley-views-25036\">\n\t\t\t\t<small>Mijas Costa<\/small>\n\t\t\t\tValley Views, exclusivos apartamentos y \u00e1ticos con vistas al mar en Mijas.<\/a>\n\t\t<\/h4>\n\t\t<div class=\"wpb--card-price-developments\">\n\t\t\t\tDesde 349.000 &euro; hasta 580.000 &euro;<span>391-00043G<\/span>\t\t<\/div>\n\t<\/div>\n<\/div>\n<div class=\"wpb--card\">\n\t<div class=\"wpb--aspect-box wpb--panoramic\">\n\t\t<a class=\"wpb--stretched-link\" href=\"\/es\/propiedad\/promocion-playa-del-cristo-ikkil-bay-24646\">\n\t\t\t\t\t\t\t<img decoding=\"async\" class=\"wpb--image-fit\" loading=\"lazy\" src=\"https:\/\/www.milahomes.es\/wp-content\/uploads\/inmoba\/thumb-developments-0.5625-maxwidth-24646.webp\" alt=\"Ikkil Bay: ocho exclusivas residencias de lujo en primera l\u00ednea de playa en Estepona, con amplias terrazas, vistas al mar y servicios de primer nivel.\" \/>\n\t\t\t\t\t<\/a>\n\t<\/div>\n\t<div class=\"wpb--card-body\">\n\t\t<h4 class=\"wpb--card-title\">\n\t\t\t<a class=\"wpb--stretched-link\" href=\"\/es\/propiedad\/promocion-playa-del-cristo-ikkil-bay-24646\">\n\t\t\t\t<small>Playa del Cristo - Seghers<\/small>\n\t\t\t\tIkkil Bay: ocho exclusivas residencias de lujo en primera l\u00ednea de playa en Estepona, con amplias terrazas, vistas al mar y servicios de primer nivel.<\/a>\n\t\t<\/h4>\n\t\t<div class=\"wpb--card-price-developments\">\n\t\t\t\tDesde 3.003.000 &euro; hasta 6.500.000 &euro;<span>MDL2310S<\/span>\t\t<\/div>\n\t<\/div>\n<\/div>\n<div class=\"wpb--card\">\n\t<div class=\"wpb--aspect-box wpb--panoramic\">\n\t\t<a class=\"wpb--stretched-link\" href=\"\/es\/propiedad\/promocion-los-hidalgos-moon-64-24635\">\n\t\t\t\t\t\t\t<img decoding=\"async\" class=\"wpb--image-fit\" loading=\"lazy\" src=\"https:\/\/www.milahomes.es\/wp-content\/uploads\/inmoba\/thumb-developments-0.5625-maxwidth-24635.webp\" alt=\"Exclusivas Viviendas con Vistas al Mar y Excelentes Zonas Comunes en Los Hidalgos, Manilva\" \/>\n\t\t\t\t\t<\/a>\n\t<\/div>\n\t<div class=\"wpb--card-body\">\n\t\t<h4 class=\"wpb--card-title\">\n\t\t\t<a class=\"wpb--stretched-link\" href=\"\/es\/propiedad\/promocion-los-hidalgos-moon-64-24635\">\n\t\t\t\t<small>Los Hidalgos - Manilva<\/small>\n\t\t\t\tExclusivas Viviendas con Vistas al Mar y Excelentes Zonas Comunes en Los Hidalgos, Manilva<\/a>\n\t\t<\/h4>\n\t\t<div class=\"wpb--card-price-developments\">\n\t\t\t\tDesde 381.800 &euro; hasta 628.000 &euro;<span>4S-MOON<\/span>\t\t<\/div>\n\t<\/div>\n<\/div>\n<div class=\"wpb--card\">\n\t<div class=\"wpb--aspect-box wpb--panoramic\">\n\t\t<a class=\"wpb--stretched-link\" href=\"\/es\/propiedad\/promocion-benahavis-centro-fuente-lirios-23513\">\n\t\t\t\t\t\t\t<img decoding=\"async\" class=\"wpb--image-fit\" loading=\"lazy\" src=\"https:\/\/www.milahomes.es\/wp-content\/uploads\/inmoba\/thumb-developments-0.5625-maxwidth-23513.webp\" alt=\"Fuente Lirios, apartamentos y \u00e1ticos en el centro de Benahav\u00eds\" \/>\n\t\t\t\t\t<\/a>\n\t<\/div>\n\t<div class=\"wpb--card-body\">\n\t\t<h4 class=\"wpb--card-title\">\n\t\t\t<a class=\"wpb--stretched-link\" href=\"\/es\/propiedad\/promocion-benahavis-centro-fuente-lirios-23513\">\n\t\t\t\t<small>Benahavis Centro<\/small>\n\t\t\t\tFuente Lirios, apartamentos y \u00e1ticos en el centro de Benahav\u00eds<\/a>\n\t\t<\/h4>\n\t\t<div class=\"wpb--card-price-developments\">\n\t\t\t\tDesde 400.000 &euro; hasta 890.000 &euro;<span>391-00041G<\/span>\t\t<\/div>\n\t<\/div>\n<\/div>\n<div class=\"wpb--card\">\n\t<div class=\"wpb--aspect-box wpb--panoramic\">\n\t\t<a class=\"wpb--stretched-link\" href=\"\/es\/propiedad\/promocion-torreblanca-belvedere-collection-23508\">\n\t\t\t\t\t\t\t<img decoding=\"async\" class=\"wpb--image-fit\" loading=\"lazy\" src=\"https:\/\/www.milahomes.es\/wp-content\/uploads\/inmoba\/thumb-developments-0.5625-maxwidth-23508.webp\" alt=\"B\u00e9lv\u00e8dere Collection, elegantes apartamentos y \u00e1ticos con vistas al mar en Fuengirola\" \/>\n\t\t\t\t\t<\/a>\n\t<\/div>\n\t<div class=\"wpb--card-body\">\n\t\t<h4 class=\"wpb--card-title\">\n\t\t\t<a class=\"wpb--stretched-link\" href=\"\/es\/propiedad\/promocion-torreblanca-belvedere-collection-23508\">\n\t\t\t\t<small>Torreblanca - Fuengirola<\/small>\n\t\t\t\tB\u00e9lv\u00e8dere Collection, elegantes apartamentos y \u00e1ticos con vistas al mar en Fuengirola<\/a>\n\t\t<\/h4>\n\t\t<div class=\"wpb--card-price-developments\">\n\t\t\t\tDesde 430.000 &euro; hasta 1.100.000 &euro;<span>350-00215G<\/span>\t\t<\/div>\n\t<\/div>\n<\/div>\n<div class=\"wpb--card\">\n\t<div class=\"wpb--aspect-box wpb--panoramic\">\n\t\t<a class=\"wpb--stretched-link\" href=\"\/es\/propiedad\/promocion-zenith-estepona-zenith-estepona-23506\">\n\t\t\t\t\t\t\t<img decoding=\"async\" class=\"wpb--image-fit\" loading=\"lazy\" src=\"https:\/\/www.milahomes.es\/wp-content\/uploads\/inmoba\/thumb-developments-0.5625-maxwidth-23506.webp\" alt=\"Zenith Estepona, apartamentos confortables y modernos en la Costa del Sol\" \/>\n\t\t\t\t\t<\/a>\n\t<\/div>\n\t<div class=\"wpb--card-body\">\n\t\t<h4 class=\"wpb--card-title\">\n\t\t\t<a class=\"wpb--stretched-link\" href=\"\/es\/propiedad\/promocion-zenith-estepona-zenith-estepona-23506\">\n\t\t\t\t<small>Zenith Estepona - Estepona Ciudad<\/small>\n\t\t\t\tZenith Estepona, apartamentos confortables y modernos en la Costa del Sol<\/a>\n\t\t<\/h4>\n\t\t<div class=\"wpb--card-price-developments\">\n\t\t\t\tDesde 499.000 &euro; hasta 560.000 &euro;<span>350-00214G<\/span>\t\t<\/div>\n\t<\/div>\n<\/div>\n<div class=\"wpb--card\">\n\t<div class=\"wpb--aspect-box wpb--panoramic\">\n\t\t<a class=\"wpb--stretched-link\" href=\"\/es\/propiedad\/promocion-estepona-maralto-26964\">\n\t\t\t\t\t\t\t<img decoding=\"async\" class=\"wpb--image-fit\" loading=\"lazy\" src=\"https:\/\/www.milahomes.es\/wp-content\/uploads\/inmoba\/thumb-developments-0.5625-maxwidth-26964.webp\" alt=\"Tu nueva vida entre el mar y la monta\u00f1a\" \/>\n\t\t\t\t\t<\/a>\n\t<\/div>\n\t<div class=\"wpb--card-body\">\n\t\t<h4 class=\"wpb--card-title\">\n\t\t\t<a class=\"wpb--stretched-link\" href=\"\/es\/propiedad\/promocion-estepona-maralto-26964\">\n\t\t\t\t<small>Estepona<\/small>\n\t\t\t\tTu nueva vida entre el mar y la monta\u00f1a<\/a>\n\t\t<\/h4>\n\t\t<div class=\"wpb--card-price-developments\">\n\t\t\t\tDesde 425.000 &euro; hasta 1.520.000 &euro;<span>2012771000199023260<\/span>\t\t<\/div>\n\t<\/div>\n<\/div>\n<div class=\"wpb--card\">\n\t<div class=\"wpb--aspect-box wpb--panoramic\">\n\t\t<a class=\"wpb--stretched-link\" href=\"\/es\/propiedad\/promocion-cala-de-mijas-360o-by-cordia-26965\">\n\t\t\t\t\t\t\t<img decoding=\"async\" class=\"wpb--image-fit\" loading=\"lazy\" src=\"https:\/\/www.milahomes.es\/wp-content\/uploads\/inmoba\/thumb-developments-0.5625-maxwidth-26965.webp\" alt=\"Resort privado con vistas que enamoran\" \/>\n\t\t\t\t\t<\/a>\n\t<\/div>\n\t<div class=\"wpb--card-body\">\n\t\t<h4 class=\"wpb--card-title\">\n\t\t\t<a class=\"wpb--stretched-link\" href=\"\/es\/propiedad\/promocion-cala-de-mijas-360o-by-cordia-26965\">\n\t\t\t\t<small>Cala de Mijas - Mijas Costa<\/small>\n\t\t\t\tResort privado con vistas que enamoran<\/a>\n\t\t<\/h4>\n\t\t<div class=\"wpb--card-price-developments\">\n\t\t\t\tDesde 390.000 &euro; hasta 2.050.000 &euro;<span>2012771000199023264<\/span>\t\t<\/div>\n\t<\/div>\n<\/div>\n<div class=\"wpb--card\">\n\t<div class=\"wpb--aspect-box wpb--panoramic\">\n\t\t<a class=\"wpb--stretched-link\" href=\"\/es\/propiedad\/promocion-bel-air-ocean-11-22975\">\n\t\t\t\t\t\t\t<img decoding=\"async\" class=\"wpb--image-fit\" loading=\"lazy\" src=\"https:\/\/www.milahomes.es\/wp-content\/uploads\/inmoba\/thumb-developments-0.5625-maxwidth-22975.webp\" alt=\"Ocean 11, villas de lujo en la Nueva Milla de Oro\" \/>\n\t\t\t\t\t<\/a>\n\t<\/div>\n\t<div class=\"wpb--card-body\">\n\t\t<h4 class=\"wpb--card-title\">\n\t\t\t<a class=\"wpb--stretched-link\" href=\"\/es\/propiedad\/promocion-bel-air-ocean-11-22975\">\n\t\t\t\t<small>Bel Air - Estepona Este<\/small>\n\t\t\t\tOcean 11, villas de lujo en la Nueva Milla de Oro<\/a>\n\t\t<\/h4>\n\t\t<div class=\"wpb--card-price-developments\">\n\t\t\t\tDesde 2.550.000 &euro; hasta 2.750.000 &euro;<span>350-00213G<\/span>\t\t<\/div>\n\t<\/div>\n<\/div>\n<div class=\"wpb--card\">\n\t<div class=\"wpb--aspect-box wpb--panoramic\">\n\t\t<a class=\"wpb--stretched-link\" href=\"\/es\/propiedad\/promocion-casares-del-sol-casares-golf-alura-living-22933\">\n\t\t\t\t\t\t\t<img decoding=\"async\" class=\"wpb--image-fit\" loading=\"lazy\" src=\"https:\/\/www.milahomes.es\/wp-content\/uploads\/inmoba\/thumb-developments-0.5625-maxwidth-22933.webp\" alt=\"Alura Living Casares Costa, lujoso estilo de vida mediterr\u00e1neo entre el golf y el mar.\" \/>\n\t\t\t\t\t<\/a>\n\t<\/div>\n\t<div class=\"wpb--card-body\">\n\t\t<h4 class=\"wpb--card-title\">\n\t\t\t<a class=\"wpb--stretched-link\" href=\"\/es\/propiedad\/promocion-casares-del-sol-casares-golf-alura-living-22933\">\n\t\t\t\t<small>Casares del Sol - Casares Golf<\/small>\n\t\t\t\tAlura Living Casares Costa, lujoso estilo de vida mediterr\u00e1neo entre el golf y el mar.<\/a>\n\t\t<\/h4>\n\t\t<div class=\"wpb--card-price-developments\">\n\t\t\t\tDesde 442.000 &euro; hasta 812.000 &euro;<span>350-00212G<\/span>\t\t<\/div>\n\t<\/div>\n<\/div>\n<div class=\"wpb--card\">\n\t<div class=\"wpb--aspect-box wpb--panoramic\">\n\t\t<a class=\"wpb--stretched-link\" href=\"\/es\/propiedad\/promocion-las-mesas-las-mesas-infinity-homes-22490\">\n\t\t\t\t\t\t\t<img decoding=\"async\" class=\"wpb--image-fit\" loading=\"lazy\" src=\"https:\/\/www.milahomes.es\/wp-content\/uploads\/inmoba\/thumb-developments-0.5625-maxwidth-22490.webp\" alt=\"Las Mesas Infinity Homes, excepcionales vistas al mar en apartamentos y \u00e1ticos en Estepona.\" \/>\n\t\t\t\t\t<\/a>\n\t<\/div>\n\t<div class=\"wpb--card-body\">\n\t\t<h4 class=\"wpb--card-title\">\n\t\t\t<a class=\"wpb--stretched-link\" href=\"\/es\/propiedad\/promocion-las-mesas-las-mesas-infinity-homes-22490\">\n\t\t\t\t<small>Las Mesas - Estepona Ciudad<\/small>\n\t\t\t\tLas Mesas Infinity Homes, excepcionales vistas al mar en apartamentos y \u00e1ticos en Estepona.<\/a>\n\t\t<\/h4>\n\t\t<div class=\"wpb--card-price-developments\">\n\t\t\t\tDesde 590.000 &euro; hasta 960.000 &euro;<span>350-00210G<\/span>\t\t<\/div>\n\t<\/div>\n<\/div>\n\t\t<\/div>\r\n\t\t<nav class=\"wpb--pagination\">\n\t<ul>\n\t\t\t\t\t\t\t<li class=\"btn\"><span>1<\/span><\/li>\n\t\t\t\t\t\t\t<li>\n\t\t\t\t\t\t<a title=\"Casas nuevas en venta &#8211; Propiedades sobre plano (2)\" href=\"\/es\/wp-json\/wp\/v2\/pages\/4442?l=es&f=developments&ipage=2\">\n\t\t\t\t\t\t\t<span>2<\/span>\n\t\t\t\t\t\t<\/a>\n\t\t\t\t\t<\/li>\n\t\t\t\t\t\t\t\t\t<li>\n\t\t\t\t\t\t<a title=\"Casas nuevas en venta &#8211; Propiedades sobre plano (3)\" href=\"\/es\/wp-json\/wp\/v2\/pages\/4442?l=es&f=developments&ipage=3\">\n\t\t\t\t\t\t\t<span>3<\/span>\n\t\t\t\t\t\t<\/a>\n\t\t\t\t\t<\/li>\n\t\t\t\t\t\t\t\t\t<li>\n\t\t\t\t\t\t<a title=\"Casas nuevas en venta &#8211; Propiedades sobre plano (4)\" href=\"\/es\/wp-json\/wp\/v2\/pages\/4442?l=es&f=developments&ipage=4\">\n\t\t\t\t\t\t\t<span>4<\/span>\n\t\t\t\t\t\t<\/a>\n\t\t\t\t\t<\/li>\n\t\t\t\t\t\t\t\t<li>\n\t\t\t\t\t<a title=\"Casas nuevas en venta &#8211; Propiedades sobre plano (2)\" href=\"\/es\/wp-json\/wp\/v2\/pages\/4442?l=es&f=developments&ipage=2\">\n\t\t\t\t\t&rsaquo;\n\t\t\t\t\t<\/a>\n\t\t\t\t<\/li>\n\t\t\t\t\t\t\t<li>\n\t\t\t\t\t<a title=\"Casas nuevas en venta &#8211; Propiedades sobre plano (8)\" href=\"\/es\/wp-json\/wp\/v2\/pages\/4442?l=es&f=developments&ipage=8\">\n\t\t\t\t\t&raquo;\n\t\t\t\t\t<\/a>\n\t\t\t\t<\/li>\n\t\t\t\t<\/ul>\n<\/nav>\t\n\t\t<div class=\"wpb--advert\">\r\n\t\t\t<a href=\"https:\/\/www.inmobalia.com\/\" class=\"wpb--advert-link\" target=\"_blank\" rel=\"noopenner noopener\">Con tecnolog\u00eda Inmobalia CRM<\/a>\r\n\t\t<\/div>\r\n\t<\/div>\r\n<script>\r\n\t(function($) {\r\n\t\t$(document).ready(function() {\r\n\t\t\t$(\"#searchform\").searchForm({\"id\":\"search\",\"data\":[{\"id\":\"c4\",\"name\":\"Benahavis\",\"nametrans\":\"Benahavis\",\"parent\":7},{\"id\":\"c5\",\"name\":\"Benalmadena\",\"nametrans\":\"Benalmadena\",\"parent\":7},{\"id\":\"c9\",\"name\":\"Casares\",\"nametrans\":\"Casares\",\"parent\":7},{\"id\":\"c11\",\"name\":\"Estepona\",\"nametrans\":\"Estepona\",\"parent\":7},{\"id\":\"c12\",\"name\":\"Fuengirola\",\"nametrans\":\"Fuengirola\",\"parent\":7},{\"id\":\"c16\",\"name\":\"Istan\",\"nametrans\":\"Istan\",\"parent\":7},{\"id\":\"c21\",\"name\":\"Malaga\",\"nametrans\":\"Malaga\",\"parent\":7},{\"id\":\"c22\",\"name\":\"Manilva\",\"nametrans\":\"Manilva\",\"parent\":7},{\"id\":\"c24\",\"name\":\"Marbella\",\"nametrans\":\"Marbella\",\"parent\":7},{\"id\":\"c26\",\"name\":\"Mijas Costa\",\"nametrans\":\"Mijas Costa\",\"parent\":7},{\"id\":\"c35\",\"name\":\"San Pedro de Alcantara\",\"nametrans\":\"San Pedro de Alcantara\",\"parent\":7},{\"id\":\"a10\",\"name\":\"Bahia de Casares\",\"nametrans\":\"Bahia de Casares\",\"parent\":9},{\"id\":\"a907\",\"name\":\"Bahia de las Rocas\",\"nametrans\":\"Bahia de las Rocas\",\"parent\":22},{\"id\":\"a250\",\"name\":\"Benahavis Centro\",\"nametrans\":\"Benahavis Centro\",\"parent\":4},{\"id\":\"a7\",\"name\":\"Benalmadena Costa\",\"nametrans\":\"Benalmadena Costa\",\"parent\":5},{\"id\":\"a115\",\"name\":\"Cala de Mijas\",\"nametrans\":\"Cala de Mijas\",\"parent\":26},{\"id\":\"a1822\",\"name\":\"Calanova Golf\",\"nametrans\":\"Calanova Golf\",\"parent\":26},{\"id\":\"a86194\",\"name\":\"Casares Pueblo\",\"nametrans\":\"Casares Pueblo\",\"parent\":9},{\"id\":\"a1589\",\"name\":\"Casares del Sol - Casares Golf\",\"nametrans\":\"Casares del Sol - Casares Golf\",\"parent\":9},{\"id\":\"a107\",\"name\":\"El Chaparral\",\"nametrans\":\"El Chaparral\",\"parent\":26},{\"id\":\"a938\",\"name\":\"El Higueron\",\"nametrans\":\"El Higueron\",\"parent\":12},{\"id\":\"a134922\",\"name\":\"Estepona Ciudad\",\"nametrans\":\"Estepona Ciudad\",\"parent\":11},{\"id\":\"a134924\",\"name\":\"Estepona Este\",\"nametrans\":\"Estepona Este\",\"parent\":11},{\"id\":\"a134923\",\"name\":\"Estepona Oeste\",\"nametrans\":\"Estepona Oeste\",\"parent\":11},{\"id\":\"a120\",\"name\":\"Guadalmina Alta\",\"nametrans\":\"Guadalmina Alta\",\"parent\":35},{\"id\":\"a251\",\"name\":\"La Alqueria\",\"nametrans\":\"La Alqueria\",\"parent\":4},{\"id\":\"a1024\",\"name\":\"La Cala Golf Resort\",\"nametrans\":\"La Cala Golf Resort\",\"parent\":26},{\"id\":\"a74330\",\"name\":\"La Capellania\",\"nametrans\":\"La Capellania\",\"parent\":5},{\"id\":\"a1086\",\"name\":\"La Quinta Golf\",\"nametrans\":\"La Quinta Golf\",\"parent\":4},{\"id\":\"a274\",\"name\":\"Las Lagunas\",\"nametrans\":\"Las Lagunas\",\"parent\":26},{\"id\":\"a257\",\"name\":\"Los Hidalgos\",\"nametrans\":\"Los Hidalgos\",\"parent\":22},{\"id\":\"a74151\",\"name\":\"Malaga - Este\",\"nametrans\":\"Malaga - Este\",\"parent\":21},{\"id\":\"a24\",\"name\":\"Marbella\",\"nametrans\":\"Marbella\",\"parent\":24},{\"id\":\"a40\",\"name\":\"Marbella Este\",\"nametrans\":\"Marbella Este\",\"parent\":24},{\"id\":\"a109\",\"name\":\"Mijas Golf\",\"nametrans\":\"Mijas Golf\",\"parent\":26},{\"id\":\"a51\",\"name\":\"Nueva Andalucia\",\"nametrans\":\"Nueva Andalucia\",\"parent\":24},{\"id\":\"a929\",\"name\":\"Puerto Marina\",\"nametrans\":\"Puerto Marina\",\"parent\":5},{\"id\":\"a38\",\"name\":\"Seghers\",\"nametrans\":\"Seghers\",\"parent\":11},{\"id\":\"a145\",\"name\":\"Torreblanca\",\"nametrans\":\"Torreblanca\",\"parent\":12},{\"id\":\"s14027\",\"name\":\"Alcazaba Lagoon\",\"nametrans\":\"Alcazaba Lagoon\",\"parent\":86194},{\"id\":\"s13249\",\"name\":\"Arroyo Vaquero\",\"nametrans\":\"Arroyo Vaquero\",\"parent\":134923},{\"id\":\"s13103\",\"name\":\"Atalaya\",\"nametrans\":\"Atalaya\",\"parent\":134924},{\"id\":\"s13110\",\"name\":\"Bel Air\",\"nametrans\":\"Bel Air\",\"parent\":134924},{\"id\":\"s13256\",\"name\":\"Buenas Noches\",\"nametrans\":\"Buenas Noches\",\"parent\":134923},{\"id\":\"s13120\",\"name\":\"Cancelada\",\"nametrans\":\"Cancelada\",\"parent\":134924},{\"id\":\"s14033\",\"name\":\"Casares Golf\",\"nametrans\":\"Casares Golf\",\"parent\":1589},{\"id\":\"s14020\",\"name\":\"Casares Playa\",\"nametrans\":\"Casares Playa\",\"parent\":10},{\"id\":\"s13134\",\"name\":\"El Campanario\",\"nametrans\":\"El Campanario\",\"parent\":134924},{\"id\":\"s83\",\"name\":\"Elviria\",\"nametrans\":\"Elviria\",\"parent\":40},{\"id\":\"s13260\",\"name\":\"Estepona Golf\",\"nametrans\":\"Estepona Golf\",\"parent\":134923},{\"id\":\"s13237\",\"name\":\"Estepona Puerto\",\"nametrans\":\"Estepona Puerto\",\"parent\":134922},{\"id\":\"s13162\",\"name\":\"La Resina Golf\",\"nametrans\":\"La Resina Golf\",\"parent\":134924},{\"id\":\"s71\",\"name\":\"Las Chapas\",\"nametrans\":\"Las Chapas\",\"parent\":40},{\"id\":\"s13244\",\"name\":\"Las Mesas\",\"nametrans\":\"Las Mesas\",\"parent\":134922},{\"id\":\"s14024\",\"name\":\"Las Terrazas de Cortes\\u00edn\",\"nametrans\":\"Las Terrazas de Cortes\\u00edn\",\"parent\":1589},{\"id\":\"s69\",\"name\":\"Los Monteros\",\"nametrans\":\"Los Monteros\",\"parent\":40},{\"id\":\"s13212\",\"name\":\"New Golden Mile\",\"nametrans\":\"New Golden Mile\",\"parent\":134924},{\"id\":\"s13087\",\"name\":\"Playa del Cristo\",\"nametrans\":\"Playa del Cristo\",\"parent\":38},{\"id\":\"s72\",\"name\":\"Rio Real Golf\",\"nametrans\":\"Rio Real Golf\",\"parent\":40},{\"id\":\"s13195\",\"name\":\"Selwo\",\"nametrans\":\"Selwo\",\"parent\":134924},{\"id\":\"s13272\",\"name\":\"Valle Romano\",\"nametrans\":\"Valle Romano\",\"parent\":134923},{\"id\":\"s14042\",\"name\":\"Zenith Estepona\",\"nametrans\":\"Zenith Estepona\",\"parent\":134922}],\"hiddenName\":\"c\",\"initialValue\":\"\"});\r\n\t\t});\r\n\t}(jQuery));\r\n<\/script>\r\n\n","protected":false},"excerpt":{"rendered":"","protected":false},"author":2,"featured_media":0,"parent":0,"menu_order":0,"comment_status":"closed","ping_status":"closed","template":"solid-header","meta":{"_acf_changed":false,"footnotes":""},"class_list":["post-4442","page","type-page","status-publish","hentry"],"acf":[],"_links":{"self":[{"href":"https:\/\/www.milahomes.es\/es\/wp-json\/wp\/v2\/pages\/4442","targetHints":{"allow":["GET"]}}],"collection":[{"href":"https:\/\/www.milahomes.es\/es\/wp-json\/wp\/v2\/pages"}],"about":[{"href":"https:\/\/www.milahomes.es\/es\/wp-json\/wp\/v2\/types\/page"}],"author":[{"embeddable":true,"href":"https:\/\/www.milahomes.es\/es\/wp-json\/wp\/v2\/users\/2"}],"replies":[{"embeddable":true,"href":"https:\/\/www.milahomes.es\/es\/wp-json\/wp\/v2\/comments?post=4442"}],"version-history":[{"count":1,"href":"https:\/\/www.milahomes.es\/es\/wp-json\/wp\/v2\/pages\/4442\/revisions"}],"predecessor-version":[{"id":4443,"href":"https:\/\/www.milahomes.es\/es\/wp-json\/wp\/v2\/pages\/4442\/revisions\/4443"}],"wp:attachment":[{"href":"https:\/\/www.milahomes.es\/es\/wp-json\/wp\/v2\/media?parent=4442"}],"curies":[{"name":"wp","href":"https:\/\/api.w.org\/{rel}","templated":true}]}}