{"id":4426,"date":"2024-06-19T08:50:11","date_gmt":"2024-06-19T07:50:11","guid":{"rendered":"https:\/\/www.milahomes.es\/?page_id=4426"},"modified":"2024-08-02T10:46:45","modified_gmt":"2024-08-02T09:46:45","slug":"carreras-profesionales","status":"publish","type":"page","link":"https:\/\/www.milahomes.es\/es\/sobre-nosotros\/carreras-profesionales","title":{"rendered":"Carreras profesionales"},"content":{"rendered":"\n<div class=\"wp-block-cover is-light\" style=\"margin-bottom:var(--wp--preset--spacing--50)\"><span aria-hidden=\"true\" class=\"wp-block-cover__background has-background-dim-30 has-background-dim\" style=\"background-color:#beb7b4\"><\/span><img loading=\"lazy\" decoding=\"async\" width=\"2560\" height=\"1710\" class=\"wp-block-cover__image-background wp-image-3798\" alt=\"\" src=\"https:\/\/www.milahomes.es\/wp-content\/uploads\/2024\/04\/MILA_Group_6-edited-scaled.jpg\" style=\"object-position:80% 30%\" data-object-fit=\"cover\" data-object-position=\"80% 30%\" srcset=\"https:\/\/www.milahomes.es\/wp-content\/uploads\/2024\/04\/MILA_Group_6-edited-scaled.jpg 2560w, https:\/\/www.milahomes.es\/wp-content\/uploads\/2024\/04\/MILA_Group_6-edited-1024x684.jpg 1024w, https:\/\/www.milahomes.es\/wp-content\/uploads\/2024\/04\/MILA_Group_6-edited-1920x1282.jpg 1920w, https:\/\/www.milahomes.es\/wp-content\/uploads\/2024\/04\/MILA_Group_6-edited-768x513.jpg 768w, https:\/\/www.milahomes.es\/wp-content\/uploads\/2024\/04\/MILA_Group_6-edited-50x33.jpg 50w, https:\/\/www.milahomes.es\/wp-content\/uploads\/2024\/04\/MILA_Group_6-edited-1600x1069.jpg 1600w, https:\/\/www.milahomes.es\/wp-content\/uploads\/2024\/04\/MILA_Group_6-edited-1536x1026.jpg 1536w, https:\/\/www.milahomes.es\/wp-content\/uploads\/2024\/04\/MILA_Group_6-edited-2048x1368.jpg 2048w\" sizes=\"auto, (max-width: 2560px) 100vw, 2560px\" \/><div class=\"wp-block-cover__inner-container has-global-padding is-layout-constrained wp-block-cover-is-layout-constrained\">\n<div class=\"wp-block-group jaleo-video-cover has-global-padding is-content-justification-left is-layout-constrained wp-container-core-group-is-layout-12dd3699 wp-block-group-is-layout-constrained\">\n<p class=\"has-text-align-center has-base-2-color has-text-color has-link-color has-heading-font-family has-xx-large-font-size wp-elements-1a00fe4f6d49ebab09aa28135fbbe8bc\" style=\"text-transform:uppercase\">carreras profesionales con mila<\/p>\n<\/div>\n<\/div><\/div>\n\n\n\n<section class=\"wp-block-group alignfull jaleo-herobox-group light is-layout-flow wp-block-group-is-layout-flow\" style=\"margin-top:0;margin-bottom:0\">\n<div class=\"wp-block-columns alignwide are-vertically-aligned-center jaleo-herobox-columns has-base-2-background-color has-background is-layout-flex wp-container-core-columns-is-layout-59b338dc wp-block-columns-is-layout-flex\" style=\"padding-top:0;padding-right:0;padding-bottom:0;padding-left:0\">\n<div class=\"wp-block-column is-vertically-aligned-center jaleo-herobox-column is-layout-flow wp-block-column-is-layout-flow\" style=\"flex-basis:50%\">\n<figure class=\"wp-block-image size-large wp-duotone-duotone-2\"><img loading=\"lazy\" decoding=\"async\" width=\"1920\" height=\"1283\" src=\"https:\/\/www.milahomes.es\/wp-content\/uploads\/2024\/05\/MH_VILLA-80-1920x1283.jpg\" alt=\"\" class=\"wp-image-4135\" srcset=\"https:\/\/www.milahomes.es\/wp-content\/uploads\/2024\/05\/MH_VILLA-80-1920x1283.jpg 1920w, https:\/\/www.milahomes.es\/wp-content\/uploads\/2024\/05\/MH_VILLA-80-1024x684.jpg 1024w, https:\/\/www.milahomes.es\/wp-content\/uploads\/2024\/05\/MH_VILLA-80-768x513.jpg 768w, https:\/\/www.milahomes.es\/wp-content\/uploads\/2024\/05\/MH_VILLA-80-50x33.jpg 50w, https:\/\/www.milahomes.es\/wp-content\/uploads\/2024\/05\/MH_VILLA-80-1600x1069.jpg 1600w, https:\/\/www.milahomes.es\/wp-content\/uploads\/2024\/05\/MH_VILLA-80-1536x1026.jpg 1536w, https:\/\/www.milahomes.es\/wp-content\/uploads\/2024\/05\/MH_VILLA-80.jpg 2048w\" sizes=\"auto, (max-width: 1920px) 100vw, 1920px\" \/><\/figure>\n<\/div>\n\n\n\n<div class=\"wp-block-column is-vertically-aligned-center jaleo-herobox-content is-layout-flow wp-block-column-is-layout-flow\" style=\"flex-basis:50%\">\n<div class=\"wp-block-group has-global-padding is-content-justification-left is-layout-constrained wp-container-core-group-is-layout-64327461 wp-block-group-is-layout-constrained\" style=\"padding-top:var(--wp--preset--spacing--20);padding-right:var(--wp--preset--spacing--40);padding-bottom:var(--wp--preset--spacing--20);padding-left:var(--wp--preset--spacing--40)\">\n<h2 class=\"wp-block-heading has-contrast-color has-text-color has-link-color has-heading-font-family has-xx-large-font-size wp-elements-90d53ac4fcb8b5efae608f1c0cc19fd4\" style=\"padding-top:var(--wp--preset--spacing--20);padding-right:0;padding-bottom:var(--wp--preset--spacing--20);padding-left:0;text-transform:uppercase\">\u00fanete a nuestro equipo<\/h2>\n\n\n\n<p style=\"margin-bottom:var(--wp--preset--spacing--40)\">Env\u00eda tu CV a <a href=\"mailto:info@milahomessl.com\">info@milahomessl.com<\/a> o ll\u00e1manos por tel\u00e9fono <a href=\"tel:+34951781352\">+34 951 78 13 52<\/a><\/p>\n\n\n<div id=\"wpb__style_container\" class=\"wpb__style_container wpb--container\"><form id=\"property_form\" class=\"wpb--property-form\" action=\"localhost\" method=\"POST\" data-contact=\"property_form\" data-lead-sent-ok=\"Su mensaje ha sido enviado.\" data-sitekey=\"6Lcu70ApAAAAALSclGERBvdFXlfg15po4zMqthx0\">\n\t<input type=\"hidden\" name=\"subject\" value=\"Contacto desde Propiedad \/es\/wp-json\/wp\/v2\/pages\/4426\" \/>\n\t<input type=\"hidden\" name=\"g-recaptcha-response\" value=\"\" \/>\n\t<input name=\"source\" type=\"hidden\" value=\"www.milahomes.es\/es\/wp-json\/wp\/v2\/pages\/4426\"\/>\n\t\t\n\t<input name=\"name\" type=\"text\" autocomplete=\"off\" placeholder=\"Nombre completo\" required data-error=\"Nombre obligatorio\" \/>\n\t<input name=\"email\" type=\"email\" autocomplete=\"off\" placeholder=\"Email\" required data-error=\"Email obligatorio\" \/>\n\t<input name=\"intphone\" type=\"tel\" autocomplete=\"off\" placeholder=\"Tel\u00e9fono\" data-error=\"Los n\u00fameros de tel\u00e9fono deben tener entre 8 y 20 d\u00edgitos\" \/>\n\t\n\t<textarea name=\"comment\" rows=\"6\">CONT\u00c1CTAME ACERCA DE LAS CARRERAS PROFESIONALES<\/textarea>\n\t\n\t<div class=\"wpb--custom-checkbox\">\n\t\t<input type=\"checkbox\" id=\"property_form-property_form-customCheck1\" name=\"privacy_policy\" required data-error=\"Campo Obligatorio\" \/>\n\t\t<label for=\"property_form-property_form-customCheck1\">Acepto la  <a href=\"https:\/\/www.milahomes.es\/privacy\" target=\"_blank\">Pol\u00edtica de privacidad<\/a><\/label>\n\t<\/div>\n\t<div class=\"wpb--custom-checkbox\">\n\t\t<input type=\"checkbox\" id=\"property_form-property_form-customCheck2\" name=\"commercial_information\" \/>\n\t\t<label for=\"property_form-property_form-customCheck2\">Acepto recibir informaci\u00f3n por email<\/label>\n\t<\/div>\n\t<button data-ids=\"property_form\" data-lang=\"\" class=\"btn wpb--formbutton g-recaptcha\" type=\"submit\"><span id=\"text-send\">Enviar<\/span> <span id=\"spinner-send\"><\/span><\/button>\n\t<p id=\"result\" class=\"wpb--form-msg\"><\/p>\n<\/form>\n\t<script src=\"https:\/\/www.google.com\/recaptcha\/api.js?render=6Lcu70ApAAAAALSclGERBvdFXlfg15po4zMqthx0&hl=\"><\/script>\n<\/div>\n<\/div>\n<\/div>\n<\/div>\n<\/section>\n","protected":false},"excerpt":{"rendered":"<p>\u00fanete a nuestro equipo Env\u00eda tu CV a info@milahomessl.com o ll\u00e1manos por tel\u00e9fono +34 951 78 13 52<\/p>\n","protected":false},"author":2,"featured_media":0,"parent":4414,"menu_order":1,"comment_status":"closed","ping_status":"closed","template":"solid-header","meta":{"_acf_changed":false,"footnotes":""},"class_list":["post-4426","page","type-page","status-publish","hentry"],"acf":[],"_links":{"self":[{"href":"https:\/\/www.milahomes.es\/es\/wp-json\/wp\/v2\/pages\/4426","targetHints":{"allow":["GET"]}}],"collection":[{"href":"https:\/\/www.milahomes.es\/es\/wp-json\/wp\/v2\/pages"}],"about":[{"href":"https:\/\/www.milahomes.es\/es\/wp-json\/wp\/v2\/types\/page"}],"author":[{"embeddable":true,"href":"https:\/\/www.milahomes.es\/es\/wp-json\/wp\/v2\/users\/2"}],"replies":[{"embeddable":true,"href":"https:\/\/www.milahomes.es\/es\/wp-json\/wp\/v2\/comments?post=4426"}],"version-history":[{"count":1,"href":"https:\/\/www.milahomes.es\/es\/wp-json\/wp\/v2\/pages\/4426\/revisions"}],"predecessor-version":[{"id":4582,"href":"https:\/\/www.milahomes.es\/es\/wp-json\/wp\/v2\/pages\/4426\/revisions\/4582"}],"up":[{"embeddable":true,"href":"https:\/\/www.milahomes.es\/es\/wp-json\/wp\/v2\/pages\/4414"}],"wp:attachment":[{"href":"https:\/\/www.milahomes.es\/es\/wp-json\/wp\/v2\/media?parent=4426"}],"curies":[{"name":"wp","href":"https:\/\/api.w.org\/{rel}","templated":true}]}}