{"id":4424,"date":"2024-06-19T08:46:48","date_gmt":"2024-06-19T07:46:48","guid":{"rendered":"https:\/\/www.milahomes.es\/?page_id=4424"},"modified":"2024-06-19T08:46:49","modified_gmt":"2024-06-19T07:46:49","slug":"sebastian-fernandez","status":"publish","type":"page","link":"https:\/\/www.milahomes.es\/es\/sobre-nosotros\/sebastian-fernandez","title":{"rendered":"Sebastian Fernandez"},"content":{"rendered":"\n<div class=\"wp-block-group has-global-padding is-layout-constrained wp-block-group-is-layout-constrained\" style=\"margin-top:0;padding-top:var(--wp--preset--spacing--40)\">\n<div class=\"wp-block-columns is-layout-flex wp-container-core-columns-is-layout-8351d469 wp-block-columns-is-layout-flex\" style=\"margin-bottom:var(--wp--preset--spacing--50)\">\n<div class=\"wp-block-column is-layout-flow wp-block-column-is-layout-flow\">\n<h1 class=\"wp-block-heading\">sebastian fernandez<\/h1>\n\n\n\n<p style=\"margin-bottom:var(--wp--preset--spacing--30)\"><strong>FUNDADOR Y DIRECTOR<\/strong><\/p>\n\n\n\n<p>Conozca a nuestro fundador y director Sebasti\u00e1n Fern\u00e1ndez, de la vibrante ciudad de Estocolmo, Suecia.<\/p>\n\n\n\n<p>La trayectoria de Sebastian en el sector inmobiliario comenz\u00f3 con proyectos de promoci\u00f3n inmobiliaria en Suecia, su pa\u00eds natal. Sin embargo, fue durante un periodo de recesi\u00f3n del mercado cuando reconoci\u00f3 el potencial de dejar su huella en otro lugar. Con la visi\u00f3n de transformar Marbella en algo verdaderamente excepcional, Sebasti\u00e1n aprovech\u00f3 la oportunidad y se embarc\u00f3 en un viaje para remodelar el panorama inmobiliario de la ciudad costera espa\u00f1ola.<\/p>\n\n\n\n<p>Como Director, el papel de Sebasti\u00e1n abarca una amplia gama de responsabilidades. Desde la toma de decisiones estrat\u00e9gicas hasta la gesti\u00f3n pr\u00e1ctica de proyectos, abarca todos los aspectos de la empresa. Aunque no pueda presumir de cualificaciones tradicionales, Sebasti\u00e1n declara con orgullo que su TDAH le sirve de superpoder, proporcion\u00e1ndole una perspectiva \u00fanica y la capacidad de seguir el ritmo acelerado de la industria de Marbella.<\/p>\n\n\n\n<p>Fuera del trabajo, Sebasti\u00e1n encuentra satisfacci\u00f3n en su amor por el deporte, jugando al p\u00e1del con el equipo y superando sus l\u00edmites en el gimnasio. Tambi\u00e9n pasa tiempo con la familia y los amigos, ya que se cri\u00f3 en una familia muy unida, y los valores de lealtad y apoyo de Sebastian van m\u00e1s all\u00e1 de sus esfuerzos profesionales, impuls\u00e1ndole a estar siempre ah\u00ed para sus seres queridos.<\/p>\n\n\n\n<p><strong>Contacta a Sebastian<\/strong> \ud83c\uddf8\ud83c\uddea\ud83c\uddec\ud83c\udde7<\/p>\n\n\n\n<p><a href=\"mailto:sebastian@milahomessl.com\">sebastian@milahomessl.com<br><\/a><a href=\"tel:+34664565454\">+46 70 854 11 29<\/a><\/p>\n<\/div>\n\n\n\n<div class=\"wp-block-column is-layout-flow wp-block-column-is-layout-flow\">\n<figure class=\"wp-block-image size-full wp-duotone-duotone-2\"><img loading=\"lazy\" decoding=\"async\" width=\"1368\" height=\"2048\" src=\"https:\/\/www.milahomes.es\/wp-content\/uploads\/2024\/04\/MILA-Portraits_session-2-4.jpg\" alt=\"\" class=\"wp-image-3513\" style=\"aspect-ratio:3\/4;object-fit:cover\" srcset=\"https:\/\/www.milahomes.es\/wp-content\/uploads\/2024\/04\/MILA-Portraits_session-2-4.jpg 1368w, https:\/\/www.milahomes.es\/wp-content\/uploads\/2024\/04\/MILA-Portraits_session-2-4-1024x1533.jpg 1024w, https:\/\/www.milahomes.es\/wp-content\/uploads\/2024\/04\/MILA-Portraits_session-2-4-768x1150.jpg 768w, https:\/\/www.milahomes.es\/wp-content\/uploads\/2024\/04\/MILA-Portraits_session-2-4-50x75.jpg 50w, https:\/\/www.milahomes.es\/wp-content\/uploads\/2024\/04\/MILA-Portraits_session-2-4-1026x1536.jpg 1026w\" sizes=\"auto, (max-width: 1368px) 100vw, 1368px\" \/><\/figure>\n<\/div>\n<\/div>\n<\/div>\n","protected":false},"excerpt":{"rendered":"<p>sebastian fernandez FUNDADOR Y DIRECTOR Conozca a nuestro fundador y director Sebasti\u00e1n Fern\u00e1ndez, de la vibrante ciudad de Estocolmo, Suecia. La trayectoria de Sebastian en el sector inmobiliario comenz\u00f3 con proyectos de promoci\u00f3n inmobiliaria en Suecia, su pa\u00eds natal. Sin embargo, fue durante un periodo de recesi\u00f3n del mercado cuando reconoci\u00f3 el potencial de dejar [&hellip;]<\/p>\n","protected":false},"author":2,"featured_media":0,"parent":4414,"menu_order":0,"comment_status":"closed","ping_status":"closed","template":"","meta":{"_acf_changed":false,"footnotes":""},"class_list":["post-4424","page","type-page","status-publish","hentry"],"acf":[],"_links":{"self":[{"href":"https:\/\/www.milahomes.es\/es\/wp-json\/wp\/v2\/pages\/4424","targetHints":{"allow":["GET"]}}],"collection":[{"href":"https:\/\/www.milahomes.es\/es\/wp-json\/wp\/v2\/pages"}],"about":[{"href":"https:\/\/www.milahomes.es\/es\/wp-json\/wp\/v2\/types\/page"}],"author":[{"embeddable":true,"href":"https:\/\/www.milahomes.es\/es\/wp-json\/wp\/v2\/users\/2"}],"replies":[{"embeddable":true,"href":"https:\/\/www.milahomes.es\/es\/wp-json\/wp\/v2\/comments?post=4424"}],"version-history":[{"count":1,"href":"https:\/\/www.milahomes.es\/es\/wp-json\/wp\/v2\/pages\/4424\/revisions"}],"predecessor-version":[{"id":4425,"href":"https:\/\/www.milahomes.es\/es\/wp-json\/wp\/v2\/pages\/4424\/revisions\/4425"}],"up":[{"embeddable":true,"href":"https:\/\/www.milahomes.es\/es\/wp-json\/wp\/v2\/pages\/4414"}],"wp:attachment":[{"href":"https:\/\/www.milahomes.es\/es\/wp-json\/wp\/v2\/media?parent=4424"}],"curies":[{"name":"wp","href":"https:\/\/api.w.org\/{rel}","templated":true}]}}