{"id":4420,"date":"2024-06-19T08:42:41","date_gmt":"2024-06-19T07:42:41","guid":{"rendered":"https:\/\/www.milahomes.es\/?page_id=4420"},"modified":"2024-06-19T08:42:42","modified_gmt":"2024-06-19T07:42:42","slug":"scarlett-lancaster","status":"publish","type":"page","link":"https:\/\/www.milahomes.es\/es\/sobre-nosotros\/scarlett-lancaster","title":{"rendered":"Scarlett Lancaster"},"content":{"rendered":"\n<div class=\"wp-block-group has-global-padding is-layout-constrained wp-block-group-is-layout-constrained\" style=\"margin-top:0;padding-top:var(--wp--preset--spacing--40)\">\n<div class=\"wp-block-columns is-layout-flex wp-container-core-columns-is-layout-8351d469 wp-block-columns-is-layout-flex\" style=\"margin-bottom:var(--wp--preset--spacing--50)\">\n<div class=\"wp-block-column is-layout-flow wp-block-column-is-layout-flow\">\n<h1 class=\"wp-block-heading\">Scarlett Lancaster<\/h1>\n\n\n\n<p style=\"margin-bottom:var(--wp--preset--spacing--30)\"><strong>DIRECTORA DE VENTAS Y MARCA<\/strong><\/p>\n\n\n\n<p>Desde el norte de Inglaterra, aportando una gran experiencia y creatividad a su funci\u00f3n, Scarlett se dedica a dar forma a la identidad de marca de Mila Homes y a impulsar el crecimiento de las ventas a trav\u00e9s de iniciativas estrat\u00e9gicas y enfoques con visi\u00f3n de futuro. Su buen ojo para las tendencias del mercado y su capacidad para cultivar relaciones significativas con los clientes la convierten en un activo inestimable para el equipo.<\/p>\n\n\n\n<p>Licenciada en Lenguas Modernas y Empresariales por la Universidad de Newcastle, el viaje de Scarlett ha estado guiado por su inquebrantable pasi\u00f3n por la cultura hispana. Esto la llev\u00f3 a tomar la audaz decisi\u00f3n de trasladarse a la encantadora regi\u00f3n de Andaluc\u00eda. Con una pasi\u00f3n por los bienes ra\u00edces y el compromiso de ofrecer experiencias excepcionales a los clientes, Scarlett encarna la esencia de la innovaci\u00f3n y la excelencia en la industria.<\/p>\n\n\n\n<p>Fuera de la oficina, Scarlett disfruta de las hermosas playas con su perro, jugando al p\u00e1del con el equipo o viajando con su pareja. Como Directora de Ventas y Marca, Scarlett Lancaster no se limita a vender casas; da forma a sue\u00f1os y crea legados, cliente satisfecho a cliente.<\/p>\n\n\n\n<p><strong>Contacta a Scarlett<\/strong> \ud83c\uddec\ud83c\udde7\ud83c\uddea\ud83c\uddf8\ud83c\uddf5\ud83c\uddf9<\/p>\n\n\n\n<p><a href=\"mailto:scarlett@milahomessl.com\">scarlett@milahomessl.com<\/a><br><a href=\"tel:0034674969332\">+34 674 969 332<\/a><\/p>\n<\/div>\n\n\n\n<div class=\"wp-block-column is-layout-flow wp-block-column-is-layout-flow\">\n<figure class=\"wp-block-image size-large wp-duotone-duotone-2\"><img loading=\"lazy\" decoding=\"async\" width=\"1920\" height=\"2874\" src=\"https:\/\/www.milahomes.es\/wp-content\/uploads\/2024\/04\/Mila-Portrait-1-1920x2874.jpg\" alt=\"\" class=\"wp-image-3523\" style=\"aspect-ratio:3\/4;object-fit:cover\" srcset=\"https:\/\/www.milahomes.es\/wp-content\/uploads\/2024\/04\/Mila-Portrait-1-1920x2874.jpg 1920w, https:\/\/www.milahomes.es\/wp-content\/uploads\/2024\/04\/Mila-Portrait-1-1024x1533.jpg 1024w, https:\/\/www.milahomes.es\/wp-content\/uploads\/2024\/04\/Mila-Portrait-1-768x1150.jpg 768w, https:\/\/www.milahomes.es\/wp-content\/uploads\/2024\/04\/Mila-Portrait-1-50x75.jpg 50w, https:\/\/www.milahomes.es\/wp-content\/uploads\/2024\/04\/Mila-Portrait-1-1600x2395.jpg 1600w, https:\/\/www.milahomes.es\/wp-content\/uploads\/2024\/04\/Mila-Portrait-1-1026x1536.jpg 1026w, https:\/\/www.milahomes.es\/wp-content\/uploads\/2024\/04\/Mila-Portrait-1-1368x2048.jpg 1368w, https:\/\/www.milahomes.es\/wp-content\/uploads\/2024\/04\/Mila-Portrait-1-scaled.jpg 1710w\" sizes=\"auto, (max-width: 1920px) 100vw, 1920px\" \/><\/figure>\n<\/div>\n<\/div>\n<\/div>\n","protected":false},"excerpt":{"rendered":"<p>Scarlett Lancaster DIRECTORA DE VENTAS Y MARCA Desde el norte de Inglaterra, aportando una gran experiencia y creatividad a su funci\u00f3n, Scarlett se dedica a dar forma a la identidad de marca de Mila Homes y a impulsar el crecimiento de las ventas a trav\u00e9s de iniciativas estrat\u00e9gicas y enfoques con visi\u00f3n de futuro. Su [&hellip;]<\/p>\n","protected":false},"author":2,"featured_media":0,"parent":4414,"menu_order":0,"comment_status":"closed","ping_status":"closed","template":"","meta":{"_acf_changed":false,"footnotes":""},"class_list":["post-4420","page","type-page","status-publish","hentry"],"acf":[],"_links":{"self":[{"href":"https:\/\/www.milahomes.es\/es\/wp-json\/wp\/v2\/pages\/4420","targetHints":{"allow":["GET"]}}],"collection":[{"href":"https:\/\/www.milahomes.es\/es\/wp-json\/wp\/v2\/pages"}],"about":[{"href":"https:\/\/www.milahomes.es\/es\/wp-json\/wp\/v2\/types\/page"}],"author":[{"embeddable":true,"href":"https:\/\/www.milahomes.es\/es\/wp-json\/wp\/v2\/users\/2"}],"replies":[{"embeddable":true,"href":"https:\/\/www.milahomes.es\/es\/wp-json\/wp\/v2\/comments?post=4420"}],"version-history":[{"count":1,"href":"https:\/\/www.milahomes.es\/es\/wp-json\/wp\/v2\/pages\/4420\/revisions"}],"predecessor-version":[{"id":4421,"href":"https:\/\/www.milahomes.es\/es\/wp-json\/wp\/v2\/pages\/4420\/revisions\/4421"}],"up":[{"embeddable":true,"href":"https:\/\/www.milahomes.es\/es\/wp-json\/wp\/v2\/pages\/4414"}],"wp:attachment":[{"href":"https:\/\/www.milahomes.es\/es\/wp-json\/wp\/v2\/media?parent=4420"}],"curies":[{"name":"wp","href":"https:\/\/api.w.org\/{rel}","templated":true}]}}