{"id":3907,"date":"2024-05-27T14:58:57","date_gmt":"2024-05-27T13:58:57","guid":{"rendered":"https:\/\/www.milahomes.es\/?page_id=3907"},"modified":"2024-05-27T14:59:34","modified_gmt":"2024-05-27T13:59:34","slug":"politica-de-privacidad","status":"publish","type":"page","link":"https:\/\/www.milahomes.es\/es\/politica-de-privacidad","title":{"rendered":"Pol\u00edtica de Privacidad"},"content":{"rendered":"\n<div class=\"wp-block-group has-global-padding is-layout-constrained wp-block-group-is-layout-constrained\">\n<h2 class=\"wp-block-heading\">CONDICIONES DE USO Y POL\u00cdTICA DE PRIVACIDAD<\/h2>\n\n\n\n<p>Este sitio web se rige por la normativa exclusivamente aplicable en Espa\u00f1a, quedando sometida a ella, tanto nacionales como extranjeros que utilicen este sitio web.<\/p>\n\n\n\n<p>El acceso a nuestro sitio web por parte del usuario es gratuito y est\u00e1 condicionado a la previa lectura y aceptaci\u00f3n integra, expresa y sin reservas de las presentes condiciones generales de uso y pol\u00edtica de privacidad vigentes en el momento del acceso, que rogamos lea detenidamente. El usuario en el momento que utiliza nuestro sitio web, sus contenidos o servicios, acepta y se somete expresamente a las condiciones generales de uso del mismo. Si el usuario no estuviere de acuerdo con las presentes condiciones de uso, deber\u00e1 abstenerse de utilizar esta portal y operar por medio del mismo.<\/p>\n\n\n\n<p>En cualquier momento podremos modificar la presentaci\u00f3n y configuraci\u00f3n de nuestro sitio web, ampliar o reducir servicios, e incluso suprimirlo de la red, as\u00ed como los servicios y contenidos prestados, todo ello de forma unilateral y sin previo aviso.<\/p>\n\n\n\n<h4 class=\"wp-block-heading\"><strong>A. PROPIEDAD INTELECTUAL<\/strong><\/h4>\n\n\n\n<p>Todos los contenidos, textos, im\u00e1genes, marcas y c\u00f3digos fuente son de nuestra propiedad o de terceros a los que se han adquirido sus derechos de explotaci\u00f3n, y est\u00e1n protegidos por los derechos de propiedad intelectual e industrial. El usuario \u00fanicamente tiene derecho a un uso privado de los mismos, sin \u00e1nimo de lucro, y necesita autorizaci\u00f3n expresa para modificarlos, reproducirlos, explotarlos, distribuirlos o ejercer cualquier derecho perteneciente a su titular.<\/p>\n\n\n\n<h4 class=\"wp-block-heading\"><strong>B. <strong>CONDICIONES DE ACCESO<\/strong><\/strong><\/h4>\n\n\n\n<p>El acceso a nuestro sitio web es gratuito y no exige previa suscripci\u00f3n o registro.<\/p>\n\n\n\n<p>El env\u00edo de datos personales implica la aceptaci\u00f3n expresa por parte del usuario de nuestra pol\u00edtica de privacidad.<\/p>\n\n\n\n<p>El usuario debe acceder a nuestro sitio web conforme a la buena fe, las normas de orden p\u00fablico y a las presentes condiciones generales de uso. El acceso a nuestro sitio web se realiza bajo la propia y exclusiva responsabilidad del usuario, que responder\u00e1 en todo caso de los da\u00f1os y perjuicios que pueda causar a terceros o a nosotros mismos.<\/p>\n\n\n\n<p>Teniendo en cuenta la imposibilidad de control respecto a la informaci\u00f3n, contenidos y servicios que contengan otras p\u00e1ginas web a los que se pueda acceder a trav\u00e9s de los enlaces que nuestro sitio web pueda poner a su disposici\u00f3n, le comunicamos que quedamos eximidos de cualquier responsabilidad por los da\u00f1os y perjuicios de toda clase que pudiesen derivar por la utilizaci\u00f3n de esas p\u00e1ginas web, ajenas a nuestra empresa, por parte del usuario.<\/p>\n\n\n\n<h4 class=\"wp-block-heading\"><strong>C. <strong><strong>POL\u00cdTICA DE PRIVACIDAD<\/strong><\/strong><\/strong><\/h4>\n\n\n\n<p>La confidencialidad y la seguridad son valores primordiales para nuestra empresa y, en consecuencia, asumimos el compromiso de garantizar la privacidad del usuario en todo momento y de no recabar informaci\u00f3n innecesaria. A continuaci\u00f3n, le proporcionamos toda la informaci\u00f3n necesaria sobre nuestra pol\u00edtica de privacidad en relaci\u00f3n con los datos personales que recabamos, explic\u00e1ndole:<\/p>\n\n\n\n<ul class=\"wp-block-list\">\n<li>Qui\u00e9n es el responsable del tratamiento de sus datos.<\/li>\n\n\n\n<li>Para qu\u00e9 finalidades recabamos los datos que le solicitamos.<\/li>\n\n\n\n<li>Cu\u00e1l es la legitimaci\u00f3n para su tratamiento.<\/li>\n\n\n\n<li>Durante cu\u00e1nto tiempo los conservamos.<\/li>\n\n\n\n<li>A qu\u00e9 destinatarios se comunican sus datos.<\/li>\n\n\n\n<li>Cu\u00e1les son sus derechos.<\/li>\n<\/ul>\n\n\n\n<p><strong>1. RESPONSABLE: <\/strong>ver datos al final de este documento.<\/p>\n\n\n\n<p><strong>2. FINALIDADES, LEGITIMACI\u00d3N Y CONSERVACI\u00d3N<\/strong>\u00a0de los tratamientos de los datos enviados a trav\u00e9s de:<\/p>\n\n\n\n<p><strong><strong>Formulario de Contacto<\/strong><\/strong><\/p>\n\n\n\n<ul class=\"wp-block-list\">\n<li><strong>Finalidad:<\/strong>\u00a0Facilitarle un medio para que pueda ponerse en contacto con nosotros y contestar a sus solicitudes de informaci\u00f3n, as\u00ed como enviarle comunicaciones e nuestros productos, servicios y actividades, inclusive por medios electr\u00f3nicos (correo electr\u00f3nico), si marca la casilla de aceptaci\u00f3n.<\/li>\n\n\n\n<li><strong>Legitimaci\u00f3n:<\/strong>\u00a0El consentimiento del usuario al solicitarnos informaci\u00f3n a trav\u00e9s de nuestro formulario de contactos y al marcar la casilla de aceptaci\u00f3n de env\u00edo de informaci\u00f3n.<\/li>\n\n\n\n<li><strong>Conservaci\u00f3n:<\/strong>\u00a0Una vez resuelta su solicitud por medio de nuestro formulario o contestada por correo electr\u00f3nico, si no ha generado un nuevo tratamiento, y en caso de haber aceptado recibir env\u00edos comerciales, hasta que solicite la baja de los mismos.<\/li>\n<\/ul>\n\n\n\n<p><strong>Env\u00edo de correos electr\u00f3nicos.<\/strong><\/p>\n\n\n\n<ul class=\"wp-block-list\">\n<li><strong>Finalidad:<\/strong>\u00a0Contestar a sus solicitudes de informaci\u00f3n, atender sus peticiones y responder sus consultas o dudas. En caso de recibir su Curr\u00edculum Vitae, sus datos personales y curriculares podr\u00e1n formar parte de nuestras bases de datos para participar en nuestros procesos de selecci\u00f3n presentes y futuros.<\/li>\n\n\n\n<li><strong>Legitimaci\u00f3n:<\/strong>\u00a0El consentimiento del usuario al solicitarnos informaci\u00f3n a trav\u00e9s de la direcci\u00f3n de correo electr\u00f3nico o enviarnos sus datos y CV para participar en nuestros procesos de selecci\u00f3n.<\/li>\n\n\n\n<li><strong>Conservaci\u00f3n:<\/strong>\u00a0Una vez resulta contestada su petici\u00f3n por correo electr\u00f3nico, si no ha generado un nuevo tratamiento. En el caso de recibir su CV, sus datos podr\u00e1n ser conservados durante un a\u00f1o m\u00e1ximo para futuros procesos de selecci\u00f3n.<\/li>\n<\/ul>\n\n\n\n<p><strong>Obligaci\u00f3n de facilitarnos sus datos personales y consecuencias de no hacerlo<\/strong><\/p>\n\n\n\n<p>El suministro de datos personales requiere una edad m\u00ednima de 14 a\u00f1os, o en su caso, disponer de capacidad jur\u00eddica suficiente para contratar.<\/p>\n\n\n\n<p>Los datos personales solicitados son necesarios para gestionar sus solicitudes, darle de alta como usuario y\/o prestarle los servicios que pueda contratar, por lo que, si no nos los facilita, no podremos atenderle correctamente ni prestarle el servicio que ha solicitado.<\/p>\n\n\n\n<p>En todo caso, nos reservamos el derecho de decidir sobre la incorporaci\u00f3n o no de sus datos personales y dem\u00e1s informaci\u00f3n a nuestras bases de datos.<\/p>\n\n\n\n<p><strong>3. DESTINATARIOS DE SUS DATOS.<\/strong><\/p>\n\n\n\n<p>Sus datos son confidenciales y no se ceder\u00e1n a terceros, salvo que exista obligaci\u00f3n legal.<\/p>\n\n\n\n<p><strong>4. DERECHOS EN RELACI\u00d3N CON SUS DATOS PERSONALES.<\/strong><\/p>\n\n\n\n<p>Cualquier persona puede retirar su consentimiento en cualquier momento, cuando el mismo se haya otorgado para el tratamiento de sus datos. En ning\u00fan caso, la retirada de este consentimiento condiciona la ejecuci\u00f3n del contrato de suscripci\u00f3n o las relaciones generadas con anterioridad.<\/p>\n\n\n\n<p>Igualmente, puede ejercer los siguientes derechos:<\/p>\n\n\n\n<ul class=\"wp-block-list\">\n<li>Solicitar el acceso a sus datos personales o su rectificaci\u00f3n cuando sean inexactos.<\/li>\n\n\n\n<li>Solicitar su supresi\u00f3n cuando, entre otros motivos, los datos ya no sean necesarios para los fines para los que fueron recogidos.<\/li>\n\n\n\n<li>Solicitar la limitaci\u00f3n de su tratamiento en determinadas circunstancias.<\/li>\n\n\n\n<li>Solicitar la oposici\u00f3n al tratamiento de sus datos por motivos relacionados con su situaci\u00f3n particular.<\/li>\n\n\n\n<li>Solicitar la portabilidad de los datos en los casos previstos en la normativa.<\/li>\n\n\n\n<li>Otros derechos reconocidos en las normativas aplicables.<\/li>\n<\/ul>\n\n\n\n<p>D\u00f3nde y c\u00f3mo solicitar sus Derechos: Mediante un escrito dirigido al responsable a su direcci\u00f3n postal o electr\u00f3nica (indicadas al final de este documento), indicando la referencia \u201cDatos Personales\u201d, especificando el derecho que se quiere ejercer y respecto a qu\u00e9 datos personales.<\/p>\n\n\n\n<p>En caso de divergencias con la empresa en relaci\u00f3n con el tratamiento de sus datos, puede presentar una reclamaci\u00f3n ante la Agencia de Protecci\u00f3n de Datos (<a href=\"https:\/\/www.aepd.es\/\" target=\"_blank\" rel=\"noreferrer noopener\">www.aepd.es<\/a>).<\/p>\n\n\n\n<p><strong>5. SEGURIDAD DE SUS DATOS PERSONALES<\/strong><\/p>\n\n\n\n<p>Con el objetivo de salvaguardar la seguridad de sus datos personales, le informamos que hemos adoptado todas las medidas de \u00edndole t\u00e9cnica y organizativa necesarias para garantizar la seguridad de los datos personales suministrados de su alteraci\u00f3n, p\u00e9rdida y tratamientos o accesos no autorizados.<\/p>\n\n\n\n<p><strong>6. ACTUALIZACI\u00d3N DE SUS DATOS<\/strong><\/p>\n\n\n\n<p>Es importante que para que podamos mantener sus datos personales actualizados, nos informe siempre que haya habido alguna modificaci\u00f3n en ellos, en caso contrario, no respondemos de la veracidad de los mismos.<\/p>\n\n\n\n<p>No nos hacemos responsables de la pol\u00edtica de privacidad respecto a los datos personales que pueda facilitar a terceros por medio de los enlaces y contenidos disponibles en nuestro sitio web.<\/p>\n\n\n\n<p>La presente pol\u00edtica de privacidad puede ser modificada para adaptarlas a los cambios que se produzca en nuestro web, as\u00ed como modificaciones legislativas o jurisprudenciales sobre datos personales que vayan apareciendo, por lo que exige su lectura, cada vez que nos facilite sus datos a trav\u00e9s de este sitio web.<\/p>\n\n\n\n<h4 class=\"wp-block-heading\"><strong>D. responsabilidades<\/strong><\/h4>\n\n\n\n<p>Al poner a disposici\u00f3n del usuario este sitio web queremos ofrecerle un servicio de calidad, utilizando la m\u00e1xima diligencia en la prestaci\u00f3n del mismo, as\u00ed como en los medios tecnol\u00f3gicos utilizados. No obstante, no responderemos de la presencia de virus y otros elementos que de alg\u00fan modo puedan da\u00f1ar el sistema inform\u00e1tico del usuario.<\/p>\n\n\n\n<p>No garantizamos que la disponibilidad del servicio sea continua e ininterrumpida.<\/p>\n\n\n\n<p>El usuario tiene prohibido cualquier tipo de acci\u00f3n sobre nuestro sitio web que origine una excesiva sobrecarga de funcionamiento a nuestros sistemas inform\u00e1ticos, as\u00ed como la introducci\u00f3n de virus, o instalaci\u00f3n de robots, o software que altere el normal funcionamiento de nuestro web, o en definitiva pueda causar da\u00f1os a nuestros sistemas inform\u00e1ticos.<\/p>\n\n\n\n<p>El usuario asume toda la responsabilidad derivada del uso de nuestro sitio web.<\/p>\n\n\n\n<p>El usuario reconoce que ha entendido toda la informaci\u00f3n respecto a las condiciones de uso de nuestro sitio web, y reconoce que son suficientes para la exclusi\u00f3n del error en las mismas, y por lo tanto, las acepta integra y expresamente.<\/p>\n\n\n\n<p><strong>INFORMACI\u00d3N B\u00c1SICA PROTECCI\u00d3N DE DATOS<\/strong><\/p>\n\n\n\n<ul class=\"wp-block-list\">\n<li><strong>Responsable:<\/strong>\u00a0Ver siguiente secci\u00f3n.<\/li>\n\n\n\n<li><strong>Finalidades:<\/strong>\u00a0Responder a sus solicitudes y remitirle informaci\u00f3n comercial de nuestros productos y servicios, incluso por correo electr\u00f3nico.<\/li>\n\n\n\n<li><strong>Legitimaci\u00f3n:<\/strong>\u00a0Consentimiento del interesado.<\/li>\n\n\n\n<li><strong>Destinatarios:<\/strong>\u00a0No est\u00e1n previstas cesiones de datos.<\/li>\n\n\n\n<li><strong>Derechos:<\/strong>\u00a0Puede retirar su consentimiento en cualquier momento, as\u00ed como accede, rectificar, suprimir sus datos y dem\u00e1s derechos.<\/li>\n<\/ul>\n\n\n\n<p><strong>PROPIEDAD DE ESTE SITIO WEB<\/strong><\/p>\n\n\n\n<p>Este sitio web es propiedad de MILA HOMES MARBELLA SL con CIF B44631125 y domicilio en Avenida de Manolete 13b MARBELLA 29680, M\u00e1laga (Espa\u00f1a) e inscrita en el Registro Mercantil de M\u00e1laga (Espa\u00f1a) con los siguientes datos al tomo 3364, libro 2276, folio 186, hoja MA-64905, inscripci\u00f3n 1\u00aa.<\/p>\n\n\n\n<p>Para cualquier consulta o propuesta, puede ponerse en contacto con nosotros a trav\u00e9s de este enlace\u00a0<a href=\"https:\/\/www.milahomes.es\/es\/contacto\">formulario de contacto<\/a>.<\/p>\n\n\n\n<h2 class=\"wp-block-heading\">POL\u00cdTICA DE COOKIES<\/h2>\n\n\n\n<p>El objetivo de esta pol\u00edtica de cookies es informarle de manera clara y precisa sobre el uso de cookies en nuestro sitio web. Si tiene alguna pregunta o duda sobre esta pol\u00edtica de cookies o sobre nuestro uso de las cookies, p\u00f3ngase en contacto con nosotros utilizando la informaci\u00f3n que aparece al final de este documento.<\/p>\n\n\n\n<p><strong>\u00bfQU\u00c9 SON LAS COOKIES?<\/strong><\/p>\n\n\n\n<p>Las cookies son peque\u00f1os archivos de datos que se colocan en su ordenador o dispositivo m\u00f3vil cuando visita un sitio web. Los propietarios de sitios web utilizan ampliamente las cookies para que sus sitios web funcionen, o para que lo hagan de forma m\u00e1s eficiente, as\u00ed como para facilitar la generaci\u00f3n de informes.<\/p>\n\n\n\n<p>Las cookies establecidas por el propietario del sitio web (nosotros en este caso) se denominan \u00abcookies de origen\u00bb o \u00abcookies propias\u00bb. Las cookies establecidas por terceros distintos del propietario del sitio web se denominan \u00abcookies de terceros\u00bb. Las cookies de terceros permiten ofrecer caracter\u00edsticas o funciones de terceros en el sitio web o a trav\u00e9s de \u00e9l (por ejemplo, publicidad, contenido interactivo y an\u00e1lisis). Las partes que establecen estas cookies de terceros pueden reconocer su dispositivo tanto cuando visita el sitio web en cuesti\u00f3n como cuando visita otros sitios web.<\/p>\n\n\n\n<p><strong>\u00bfPOR QU\u00c9 UTILIZAMOS COOKIES?<\/strong><\/p>\n\n\n\n<p>Utilizamos cookies propias y de terceros por varias razones. Algunas cookies son necesarias por razones t\u00e9cnicas para que nuestro sitio web funcione, y nos referimos a ellas como cookies \u00abesenciales\u00bb o \u00abestrictamente necesarias\u00bb. Otras cookies tambi\u00e9n nos permiten rastrear y orientar los intereses de nuestros usuarios para mejorar la experiencia en nuestro sitio web. Terceros utilizan cookies a trav\u00e9s de nuestros sitio web con fines publicitarios, anal\u00edticos y de otro tipo. Esto se describe con m\u00e1s detalle a continuaci\u00f3n.<\/p>\n\n\n\n<p><strong>\u00bfQU\u00c9 TIPOS DE COOKIES UTILIZAMOS?<\/strong><\/p>\n\n\n\n<ul class=\"wp-block-list\">\n<li><strong>Cookies esenciales del sitio web<\/strong>: Estas cookies son estrictamente necesarias para prestarle los servicios disponibles a trav\u00e9s de nuestro sitio web y para utilizar algunas de sus funciones, como el acceso a zonas seguras.<\/li>\n\n\n\n<li><strong>Cookies de rendimiento y funcionalidad<\/strong>: Estas cookies se utilizan para mejorar el rendimiento y la funcionalidad de nuestro sitio web, pero no son esenciales para su uso. Sin embargo, sin estas cookies, algunas funciones pueden dejar de estar disponibles.<\/li>\n\n\n\n<li><strong>Cookies anal\u00edticas y de personalizaci\u00f3n<\/strong>: Estas cookies recopilan informaci\u00f3n que se utiliza de forma agregada para ayudarnos a comprender c\u00f3mo se utilizan nuestro sitio web o la eficacia de nuestras campa\u00f1as de marketing, o para ayudarnos a personalizar nuestro sitio web para usted.<\/li>\n\n\n\n<li><strong>Cookies publicitarias<\/strong>: Estas cookies se utilizan para que los mensajes publicitarios sean m\u00e1s relevantes para usted. Realizan funciones como evitar que el mismo anuncio reaparezca continuamente, garantizar que los anuncios se muestren correctamente para los anunciantes y, en algunos casos, seleccionar anuncios que se basen en sus intereses.<\/li>\n\n\n\n<li><strong>Cookies de redes sociales<\/strong>: Estas cookies se utilizan para permitirle compartir p\u00e1ginas y contenidos que le resulten interesantes en nuestro sitio web a trav\u00e9s de redes sociales de terceros y otros sitios web. Estas cookies tambi\u00e9n pueden utilizarse con fines publicitarios.<\/li>\n<\/ul>\n\n\n\n<p><strong>\u00bfC\u00d3MO PUEDE CONTROLAR LAS COOKIES?<\/strong><\/p>\n\n\n\n<p>Usted tiene derecho a decidir si acepta o rechaza las cookies. Puede ejercer sus derechos sobre las cookies configurando sus preferencias en el Gestor de consentimiento de cookies que aparece a continuaci\u00f3n. El Gestor de Consentimiento de Cookies le permite seleccionar qu\u00e9 categor\u00edas de cookies acepta o rechaza. Las cookies esenciales no pueden rechazarse, ya que son estrictamente necesarias para prestarle servicios.<\/p>\n\n\n\n<p><\/p>\n\n\n\n<p>Tambi\u00e9n puede controlar el uso de cookies en su navegador web. Los pasos espec\u00edficos para controlar y eliminar las cookies var\u00edan de un navegador a otro. Si prefiere gestionar manualmente las cookies, puede ajustar la configuraci\u00f3n de su navegador para eliminar las cookies o impedir su aceptaci\u00f3n autom\u00e1tica. Tenga en cuenta, no obstante, que si decide rechazar las cookies, es posible que no pueda utilizar todas las funciones de nuestro sitio web.<\/p>\n\n\n\n<p><strong>CAMBIOS EN NUESTRA POL\u00cdTICA DE COOKIES<\/strong><\/p>\n\n\n\n<p>Podemos actualizar esta Pol\u00edtica de Cookies de vez en cuando para reflejar, por ejemplo, los cambios en las cookies que utilizamos o por otras razones operativas, legales o reglamentarias. Por lo tanto, vuelva a visitar esta Pol\u00edtica de Cookies con regularidad para mantenerse informado sobre nuestro uso de cookies y tecnolog\u00edas relacionadas.<\/p>\n\n\n\n<p><strong>PROPIEDAD DE ESTE SITIO WEB<\/strong><\/p>\n\n\n\n<p>Este sitio web es propiedad de MILA HOMES MARBELLA SL con CIF B44631125 y domicilio en Avenida de Manolete 13b MARBELLA 29680, M\u00e1laga (Espa\u00f1a) e inscrita en el Registro Mercantil de M\u00e1laga (Espa\u00f1a) con los siguientes datos al tomo 3364, libro 2276, folio 186, hoja MA-64905, inscripci\u00f3n 1\u00aa.<\/p>\n\n\n\n<p>Para cualquier consulta o propuesta, puede ponerse en contacto con nosotros a trav\u00e9s de este enlace&nbsp;<a href=\"https:\/\/www.milahomes.es\/es\/contacto\">formulario de contacto<\/a>.<\/p>\n\n\n\n<p>Al continuar utilizando nuestro sitio web, usted acepta nuestro uso de cookies como se describe en esta Pol\u00edtica de Cookies.<\/p>\n\n\n\n<p><\/p>\n<\/div>\n\n\n\n<div style=\"height:50px\" aria-hidden=\"true\" class=\"wp-block-spacer\"><\/div>\n","protected":false},"excerpt":{"rendered":"<p>CONDICIONES DE USO Y POL\u00cdTICA DE PRIVACIDAD Este sitio web se rige por la normativa exclusivamente aplicable en Espa\u00f1a, quedando sometida a ella, tanto nacionales como extranjeros que utilicen este sitio web. El acceso a nuestro sitio web por parte del usuario es gratuito y est\u00e1 condicionado a la previa lectura y aceptaci\u00f3n integra, expresa [&hellip;]<\/p>\n","protected":false},"author":2,"featured_media":0,"parent":0,"menu_order":0,"comment_status":"closed","ping_status":"closed","template":"solid-header","meta":{"_acf_changed":false,"footnotes":""},"class_list":["post-3907","page","type-page","status-publish","hentry"],"acf":[],"_links":{"self":[{"href":"https:\/\/www.milahomes.es\/es\/wp-json\/wp\/v2\/pages\/3907","targetHints":{"allow":["GET"]}}],"collection":[{"href":"https:\/\/www.milahomes.es\/es\/wp-json\/wp\/v2\/pages"}],"about":[{"href":"https:\/\/www.milahomes.es\/es\/wp-json\/wp\/v2\/types\/page"}],"author":[{"embeddable":true,"href":"https:\/\/www.milahomes.es\/es\/wp-json\/wp\/v2\/users\/2"}],"replies":[{"embeddable":true,"href":"https:\/\/www.milahomes.es\/es\/wp-json\/wp\/v2\/comments?post=3907"}],"version-history":[{"count":1,"href":"https:\/\/www.milahomes.es\/es\/wp-json\/wp\/v2\/pages\/3907\/revisions"}],"predecessor-version":[{"id":3910,"href":"https:\/\/www.milahomes.es\/es\/wp-json\/wp\/v2\/pages\/3907\/revisions\/3910"}],"wp:attachment":[{"href":"https:\/\/www.milahomes.es\/es\/wp-json\/wp\/v2\/media?parent=3907"}],"curies":[{"name":"wp","href":"https:\/\/api.w.org\/{rel}","templated":true}]}}